{"id":8028,"date":"2024-08-03T14:46:00","date_gmt":"2024-08-03T11:46:00","guid":{"rendered":"https:\/\/atlaslale.us\/uretim-ciftligi-depo-iletisim\/"},"modified":"2024-08-29T00:06:02","modified_gmt":"2024-08-28T21:06:02","slug":"production-farm-warehouse-contact","status":"publish","type":"page","link":"https:\/\/atlaslale.us\/en\/production-farm-warehouse-contact\/","title":{"rendered":"Production Farm &#8211; Warehouse &#8211; Contact"},"content":{"rendered":"\t\t<div data-elementor-type=\"wp-page\" data-elementor-id=\"8028\" class=\"elementor elementor-8028 elementor-6785\" wpc-filter-elementor-widget=\"1\">\n\t\t\t\t        <section class=\"elementor-section elementor-top-section elementor-element elementor-element-20c1221 elementor-section-stretched elementor-section-boxed elementor-section-height-default elementor-section-height-default ct-header-fixed-none ct-column-none ct-row-scroll-none\" data-id=\"20c1221\" data-element_type=\"section\" data-e-type=\"section\" data-settings=\"{&quot;stretch_section&quot;:&quot;section-stretched&quot;}\">\n            \n                        <div class=\"elementor-container elementor-column-gap-extended \">\n                    <div class=\"elementor-column elementor-col-33 elementor-top-column elementor-element elementor-element-0e28f49 ct-column-none\" data-id=\"0e28f49\" data-element_type=\"column\" data-e-type=\"column\">\n        <div class=\"elementor-widget-wrap elementor-element-populated\">\n                    \n        \t\t<div class=\"elementor-element elementor-element-466bead elementor-widget elementor-widget-ct_icon_box\" data-id=\"466bead\" data-element_type=\"widget\" data-e-type=\"widget\" data-widget_type=\"ct_icon_box.default\">\n\t\t\t\t<div class=\"elementor-widget-container\">\n\t\t\t\t\t<div class=\"ct-icon-box layout3\">\r\n    <div class=\"ct-icon-box-inner\">\r\n                            <div class=\"item--icon icon-bounce\">\r\n                <div class=\"icon-animate\">\r\n                    <img decoding=\"async\" width=\"55\" height=\"55\" src=\"https:\/\/atlaslale.us\/wp-content\/uploads\/2023\/01\/your-location-1.png\" class=\"attachment-full\" alt=\"\" \/>                <\/div>\r\n            <\/div>\r\n                <div class=\"item--meta\">\r\n                            <div class=\"item--sub-title\">\r\n                    <span>\r\n                        Address                    <\/span>\r\n                <\/div>\r\n            \r\n            <h3 class=\"item--title\">\r\n                K\u0131z\u0131lkuyu K\u00f6y\u00fc Mevkii Kaz\u0131mkarabekir\/Karaman T\u00dcRK\u0130YE            <\/h3>\r\n        <\/div>\r\n    <\/div>\r\n<\/div>\t\t\t\t<\/div>\n\t\t\t\t<\/div>\n\t\t            <\/div>\n        <\/div>\n                <div class=\"elementor-column elementor-col-33 elementor-top-column elementor-element elementor-element-4b19120 ct-column-none\" data-id=\"4b19120\" data-element_type=\"column\" data-e-type=\"column\">\n        <div class=\"elementor-widget-wrap elementor-element-populated\">\n                    \n        \t\t<div class=\"elementor-element elementor-element-3fc6806 elementor-widget elementor-widget-ct_icon_box\" data-id=\"3fc6806\" data-element_type=\"widget\" data-e-type=\"widget\" data-widget_type=\"ct_icon_box.default\">\n\t\t\t\t<div class=\"elementor-widget-container\">\n\t\t\t\t\t<div class=\"ct-icon-box layout3\">\r\n    <div class=\"ct-icon-box-inner\">\r\n                            <div class=\"item--icon icon-bounce\">\r\n                <div class=\"icon-animate\">\r\n                    <img decoding=\"async\" width=\"55\" height=\"55\" src=\"https:\/\/atlaslale.us\/wp-content\/uploads\/2023\/01\/mail-1.png\" class=\"attachment-full\" alt=\"\" \/>                <\/div>\r\n            <\/div>\r\n                <div class=\"item--meta\">\r\n                            <div class=\"item--sub-title\">\r\n                    <span>\r\n                        E-Mail                    <\/span>\r\n                <\/div>\r\n            \r\n            <h3 class=\"item--title\">\r\n                info@atlaslale.com<br>.<br>.            <\/h3>\r\n        <\/div>\r\n    <\/div>\r\n<\/div>\t\t\t\t<\/div>\n\t\t\t\t<\/div>\n\t\t            <\/div>\n        <\/div>\n                <div class=\"elementor-column elementor-col-33 elementor-top-column elementor-element elementor-element-39f2ee9 ct-column-none\" data-id=\"39f2ee9\" data-element_type=\"column\" data-e-type=\"column\">\n        <div class=\"elementor-widget-wrap elementor-element-populated\">\n                    \n        \t\t<div class=\"elementor-element elementor-element-354b326 elementor-widget elementor-widget-ct_icon_box\" data-id=\"354b326\" data-element_type=\"widget\" data-e-type=\"widget\" data-widget_type=\"ct_icon_box.default\">\n\t\t\t\t<div class=\"elementor-widget-container\">\n\t\t\t\t\t<div class=\"ct-icon-box layout3\">\r\n    <div class=\"ct-icon-box-inner\">\r\n                            <div class=\"item--icon icon-bounce\">\r\n                <div class=\"icon-animate\">\r\n                    <img decoding=\"async\" width=\"55\" height=\"55\" src=\"https:\/\/atlaslale.us\/wp-content\/uploads\/2023\/01\/phone-1.png\" class=\"attachment-full\" alt=\"\" \/>                <\/div>\r\n            <\/div>\r\n                <div class=\"item--meta\">\r\n                            <div class=\"item--sub-title\">\r\n                    <span>\r\n                        Phone                    <\/span>\r\n                <\/div>\r\n            \r\n            <h3 class=\"item--title\">\r\n                +90 332 235 1200<br>.            <\/h3>\r\n        <\/div>\r\n    <\/div>\r\n<\/div>\t\t\t\t<\/div>\n\t\t\t\t<\/div>\n\t\t            <\/div>\n        <\/div>\n                    <\/div>\n        <\/section>\n                <section class=\"elementor-section elementor-top-section elementor-element elementor-element-5c9db07 elementor-section-stretched elementor-section-boxed elementor-section-height-default elementor-section-height-default ct-header-fixed-none ct-column-none ct-row-scroll-none\" data-id=\"5c9db07\" data-element_type=\"section\" data-e-type=\"section\" data-settings=\"{&quot;stretch_section&quot;:&quot;section-stretched&quot;}\">\n            \n                        <div class=\"elementor-container elementor-column-gap-extended \">\n                    <div class=\"elementor-column elementor-col-50 elementor-top-column elementor-element elementor-element-e64567d ct-column-none\" data-id=\"e64567d\" data-element_type=\"column\" data-e-type=\"column\">\n        <div class=\"elementor-widget-wrap elementor-element-populated\">\n                    \n        \t\t<div class=\"elementor-element elementor-element-6fde7ba elementor-widget__width-initial elementor-widget elementor-widget-ct_heading\" data-id=\"6fde7ba\" data-element_type=\"widget\" data-e-type=\"widget\" data-widget_type=\"ct_heading.default\">\n\t\t\t\t<div class=\"elementor-widget-container\">\n\t\t\t\t\t<div class=\"ct-heading h-align- item-st-default\">\r\n            <div class=\"item--sub-title\">\r\n            <span>\r\n                                    <div class=\"ct-icon\">\r\n                        <i aria-hidden=\"true\" class=\"flaticon flaticon-plant\"><\/i>                    <\/div>\r\n                                Contact Form            <\/span>\r\n        <\/div>\r\n        <h3 class=\"item--title case-animate-time st-default \" data-wow-delay=\"ms\">\r\n        <span class=\"slide-in-container\"><span class=\"d-inline-block wow case-fade-in-up\">Contact<\/span><\/span> <span class=\"slide-in-container\"><span class=\"d-inline-block wow case-fade-in-up\">Us<\/span><\/span>    <\/h3>\r\n<\/div>\r\n\r\n\t\t\t\t<\/div>\n\t\t\t\t<\/div>\n\t\t\t\t<div class=\"elementor-element elementor-element-549293b elementor-widget elementor-widget-google_maps\" data-id=\"549293b\" data-element_type=\"widget\" data-e-type=\"widget\" data-widget_type=\"google_maps.default\">\n\t\t\t\t<div class=\"elementor-widget-container\">\n\t\t\t\t\t\t\t<div class=\"elementor-custom-embed\">\n\t\t\t<iframe loading=\"lazy\"\n\t\t\t\t\tsrc=\"https:\/\/maps.google.com\/maps?q=ATLAS%20LALE%20-%20%C3%9Cretim%20%C3%87iftli%C4%9Fi%20-%20Depo&#038;t=m&#038;z=16&#038;output=embed&#038;iwloc=near\"\n\t\t\t\t\ttitle=\"ATLAS LALE - \u00dcretim \u00c7iftli\u011fi - Depo\"\n\t\t\t\t\taria-label=\"ATLAS LALE - \u00dcretim \u00c7iftli\u011fi - Depo\"\n\t\t\t><\/iframe>\n\t\t<\/div>\n\t\t\t\t\t\t<\/div>\n\t\t\t\t<\/div>\n\t\t            <\/div>\n        <\/div>\n                <div class=\"elementor-column elementor-col-50 elementor-top-column elementor-element elementor-element-9969354 ct-column-none\" data-id=\"9969354\" data-element_type=\"column\" data-e-type=\"column\">\n        <div class=\"elementor-widget-wrap elementor-element-populated\">\n                    \n        \t\t<div class=\"elementor-element elementor-element-c844e40 elementor-widget elementor-widget-ct_contact_form\" data-id=\"c844e40\" data-element_type=\"widget\" data-e-type=\"widget\" data-widget_type=\"ct_contact_form.default\">\n\t\t\t\t<div class=\"elementor-widget-container\">\n\t\t\t\t\t    <div class=\"ct-contact-form ct-contact-form-layout1 style1 \">\r\n    \t\t    \t\r\n\t            <div class=\"ct-contact-form\">\r\n            \n<div class=\"wpcf7 no-js\" id=\"wpcf7-f8034-o1\" lang=\"en-US\" dir=\"ltr\" data-wpcf7-id=\"8034\">\n<div class=\"screen-reader-response\"><p role=\"status\" aria-live=\"polite\" aria-atomic=\"true\"><\/p> <ul><\/ul><\/div>\n<form action=\"\/en\/wp-json\/wp\/v2\/pages\/8028#wpcf7-f8034-o1\" method=\"post\" class=\"wpcf7-form init\" aria-label=\"Contact form\" novalidate=\"novalidate\" data-status=\"init\">\n<fieldset class=\"hidden-fields-container\"><input type=\"hidden\" name=\"_wpcf7\" value=\"8034\" \/><input type=\"hidden\" name=\"_wpcf7_version\" value=\"6.1.5\" \/><input type=\"hidden\" name=\"_wpcf7_locale\" value=\"en_US\" \/><input type=\"hidden\" name=\"_wpcf7_unit_tag\" value=\"wpcf7-f8034-o1\" \/><input type=\"hidden\" name=\"_wpcf7_container_post\" value=\"0\" \/><input type=\"hidden\" name=\"_wpcf7_posted_data_hash\" value=\"\" \/>\n<\/fieldset>\n<div class=\"form7\">\n\t<div class=\"form-group1\">\n\t\t<div class=\"form-group\">\n\t\t\t<div class=\"name\">\n\t\t\t\t<p><span class=\"wpcf7-form-control-wrap\" data-name=\"text-922\"><input size=\"40\" maxlength=\"400\" class=\"wpcf7-form-control wpcf7-text wpcf7-validates-as-required\" aria-required=\"true\" aria-invalid=\"false\" placeholder=\"Name\" value=\"\" type=\"text\" name=\"text-922\" \/><\/span>\n\t\t\t\t<\/p>\n\t\t\t<\/div>\n\t\t\t<div class=\"form-group\">\n\t\t\t\t<div class=\"email\">\n\t\t\t\t\t<p><span class=\"wpcf7-form-control-wrap\" data-name=\"email-993\"><input size=\"40\" maxlength=\"400\" class=\"wpcf7-form-control wpcf7-email wpcf7-validates-as-required wpcf7-text wpcf7-validates-as-email\" aria-required=\"true\" aria-invalid=\"false\" placeholder=\"Mail Address\" value=\"\" type=\"email\" name=\"email-993\" \/><\/span>\n\t\t\t\t\t<\/p>\n\t\t\t\t<\/div>\n\t\t\t<\/div>\n\t\t\t<div class=\"form-group2\">\n\t\t\t\t<div class=\"form-group\">\n\t\t\t\t\t<div class=\"phone\">\n\t\t\t\t\t\t<p><span class=\"wpcf7-form-control-wrap\" data-name=\"text-922\"><input size=\"40\" maxlength=\"400\" class=\"wpcf7-form-control wpcf7-text wpcf7-validates-as-required\" aria-required=\"true\" aria-invalid=\"false\" placeholder=\"Phone Number\" value=\"\" type=\"text\" name=\"text-922\" \/><\/span>\n\t\t\t\t\t\t<\/p>\n\t\t\t\t\t<\/div>\n\t\t\t\t\t<div class=\"form-group\">\n\t\t\t\t\t\t<div class=\"subject\">\n\t\t\t\t\t\t\t<p><span class=\"wpcf7-form-control-wrap\" data-name=\"text-922\"><input size=\"40\" maxlength=\"400\" class=\"wpcf7-form-control wpcf7-text wpcf7-validates-as-required\" aria-required=\"true\" aria-invalid=\"false\" placeholder=\"Subject\" value=\"\" type=\"text\" name=\"text-922\" \/><\/span>\n\t\t\t\t\t\t\t<\/p>\n\t\t\t\t\t\t<\/div>\n\t\t\t\t\t<\/div>\n\t\t\t\t\t<div class=\"form-group\">\n\t\t\t\t\t\t<div class=\"message\">\n\t\t\t\t\t\t\t<p><span class=\"wpcf7-form-control-wrap\" data-name=\"textarea-614\"><textarea cols=\"40\" rows=\"10\" maxlength=\"2000\" class=\"wpcf7-form-control wpcf7-textarea wpcf7-validates-as-required\" aria-required=\"true\" aria-invalid=\"false\" placeholder=\"Message\" name=\"textarea-614\"><\/textarea><\/span>\n\t\t\t\t\t\t\t<\/p>\n\t\t\t\t\t\t<\/div>\n\t\t\t\t\t<\/div>\n\t\t\t\t\t<div class=\"form-submit\">\n\t\t\t\t\t\t<p><input class=\"wpcf7-form-control wpcf7-submit has-spinner\" type=\"submit\" value=\"Send Message\" \/>\n\t\t\t\t\t\t<\/p>\n\t\t\t\t\t<\/div>\n\t\t\t\t<\/div>\n\t\t\t<\/div>\n\t\t<\/div>\n\t<\/div>\n<\/div><div class=\"wpcf7-response-output\" aria-hidden=\"true\"><\/div>\n<\/form>\n<\/div>\n        <\/div>\r\n    <\/div>\r\n\t\t\t\t<\/div>\n\t\t\t\t<\/div>\n\t\t            <\/div>\n        <\/div>\n                    <\/div>\n        <\/section>\n                <section class=\"elementor-section elementor-top-section elementor-element elementor-element-a067d25 elementor-section-stretched elementor-section-boxed elementor-section-height-default elementor-section-height-default ct-header-fixed-none ct-column-none ct-row-scroll-none\" data-id=\"a067d25\" data-element_type=\"section\" data-e-type=\"section\" data-settings=\"{&quot;stretch_section&quot;:&quot;section-stretched&quot;}\">\n            \n                        <div class=\"elementor-container elementor-column-gap-extended \">\n                    <div class=\"elementor-column elementor-col-33 elementor-top-column elementor-element elementor-element-d239bca ct-column-none\" data-id=\"d239bca\" data-element_type=\"column\" data-e-type=\"column\">\n        <div class=\"elementor-widget-wrap elementor-element-populated\">\n                    \n        \t\t<div class=\"elementor-element elementor-element-63484a2 elementor-invisible elementor-widget elementor-widget-ct_banner_text\" data-id=\"63484a2\" data-element_type=\"widget\" data-e-type=\"widget\" data-settings=\"{&quot;_animation&quot;:&quot;fadeIn&quot;,&quot;_animation_delay&quot;:200}\" data-widget_type=\"ct_banner_text.default\">\n\t\t\t\t<div class=\"elementor-widget-container\">\n\t\t\t\t\t<div class=\"ct-banner-text layout1\">\r\n    <div class=\"ct-banner-inner\">\r\n        <div class=\"item--meta\">\r\n                            <div class=\"item--sub-title\">\r\n                    <span>\r\n                        09:30 - 16:30                    <\/span>\r\n                <\/div>\r\n                        <h3 class=\"item--title\">\r\n                Connect with our expert team and get answers to your questions!            <\/h3>\r\n        <\/div>\r\n                    <div class=\"item--sub-link\">\r\n                <span>\r\n                    <a href=\"\/contact\">                        Contact Us                    <\/a>                <\/span>\r\n            <\/div>\r\n            <\/div>\r\n<\/div>\t\t\t\t<\/div>\n\t\t\t\t<\/div>\n\t\t            <\/div>\n        <\/div>\n                <div class=\"elementor-column elementor-col-33 elementor-top-column elementor-element elementor-element-c8e146f ct-column-none\" data-id=\"c8e146f\" data-element_type=\"column\" data-e-type=\"column\">\n        <div class=\"elementor-widget-wrap elementor-element-populated\">\n                    \n        \t\t<div class=\"elementor-element elementor-element-25d6491 elementor-invisible elementor-widget elementor-widget-ct_banner_text\" data-id=\"25d6491\" data-element_type=\"widget\" data-e-type=\"widget\" data-settings=\"{&quot;_animation&quot;:&quot;fadeIn&quot;,&quot;_animation_delay&quot;:300}\" data-widget_type=\"ct_banner_text.default\">\n\t\t\t\t<div class=\"elementor-widget-container\">\n\t\t\t\t\t<div class=\"ct-banner-text layout1\">\r\n    <div class=\"ct-banner-inner\">\r\n        <div class=\"item--meta\">\r\n                            <div class=\"item--sub-title\">\r\n                    <span>\r\n                        7\/24 Live Support                    <\/span>\r\n                <\/div>\r\n                        <h3 class=\"item--title\">\r\n                Connect with our live support team and get instant assistance!            <\/h3>\r\n        <\/div>\r\n                    <div class=\"item--sub-link\">\r\n                <span>\r\n                    <a href=\"#\">                        Live Support                    <\/a>                <\/span>\r\n            <\/div>\r\n            <\/div>\r\n<\/div>\t\t\t\t<\/div>\n\t\t\t\t<\/div>\n\t\t            <\/div>\n        <\/div>\n                <div class=\"elementor-column elementor-col-33 elementor-top-column elementor-element elementor-element-186e97e ct-column-none\" data-id=\"186e97e\" data-element_type=\"column\" data-e-type=\"column\">\n        <div class=\"elementor-widget-wrap elementor-element-populated\">\n                    \n        \t\t<div class=\"elementor-element elementor-element-8da0276 elementor-invisible elementor-widget elementor-widget-ct_banner_text\" data-id=\"8da0276\" data-element_type=\"widget\" data-e-type=\"widget\" data-settings=\"{&quot;_animation&quot;:&quot;fadeIn&quot;,&quot;_animation_delay&quot;:400}\" data-widget_type=\"ct_banner_text.default\">\n\t\t\t\t<div class=\"elementor-widget-container\">\n\t\t\t\t\t<div class=\"ct-banner-text layout1\">\r\n    <div class=\"ct-banner-inner\">\r\n        <div class=\"item--meta\">\r\n                            <div class=\"item--sub-title\">\r\n                    <span>\r\n                        09:30 - 14:30                    <\/span>\r\n                <\/div>\r\n                        <h3 class=\"item--title\">\r\n                Connect to our WhatsApp line and get answers to your questions!            <\/h3>\r\n        <\/div>\r\n                    <div class=\"item--sub-link\">\r\n                <span>\r\n                    <a href=\"https:\/\/wa.me\/905538777081\">                         Contact Us via WhatsApp                    <\/a>                <\/span>\r\n            <\/div>\r\n            <\/div>\r\n<\/div>\t\t\t\t<\/div>\n\t\t\t\t<\/div>\n\t\t            <\/div>\n        <\/div>\n                    <\/div>\n        <\/section>\n        \t\t<\/div>\n\t\t","protected":false},"excerpt":{"rendered":"<p>Address K\u0131z\u0131lkuyu K\u00f6y\u00fc Mevkii Kaz\u0131mkarabekir\/Karaman T\u00dcRK\u0130YE E-Mail info@atlaslale.com.. Phone +90 332 235 1200. Contact Form Contact Us 09:30 &#8211; 16:30 Connect with our expert team and get answers to your questions! Contact Us 7\/24 Live Support Connect with our live support team and get instant assistance! Live Support 09:30 &#8211; 14:30 Connect to our WhatsApp [&hellip;]<\/p>\n","protected":false},"author":1,"featured_media":0,"parent":0,"menu_order":0,"comment_status":"closed","ping_status":"closed","template":"","meta":{"_acf_changed":false,"om_disable_all_campaigns":false,"footnotes":""},"class_list":["post-8028","page","type-page","status-publish","hentry"],"acf":[],"_links":{"self":[{"href":"https:\/\/atlaslale.us\/en\/wp-json\/wp\/v2\/pages\/8028","targetHints":{"allow":["GET"]}}],"collection":[{"href":"https:\/\/atlaslale.us\/en\/wp-json\/wp\/v2\/pages"}],"about":[{"href":"https:\/\/atlaslale.us\/en\/wp-json\/wp\/v2\/types\/page"}],"author":[{"embeddable":true,"href":"https:\/\/atlaslale.us\/en\/wp-json\/wp\/v2\/users\/1"}],"replies":[{"embeddable":true,"href":"https:\/\/atlaslale.us\/en\/wp-json\/wp\/v2\/comments?post=8028"}],"version-history":[{"count":7,"href":"https:\/\/atlaslale.us\/en\/wp-json\/wp\/v2\/pages\/8028\/revisions"}],"predecessor-version":[{"id":8040,"href":"https:\/\/atlaslale.us\/en\/wp-json\/wp\/v2\/pages\/8028\/revisions\/8040"}],"wp:attachment":[{"href":"https:\/\/atlaslale.us\/en\/wp-json\/wp\/v2\/media?parent=8028"}],"curies":[{"name":"wp","href":"https:\/\/api.w.org\/{rel}","templated":true}]}}