{"id":7994,"date":"2024-08-27T13:05:20","date_gmt":"2024-08-27T10:05:20","guid":{"rendered":"https:\/\/atlaslale.us\/hakkimizda\/"},"modified":"2024-08-29T00:05:11","modified_gmt":"2024-08-28T21:05:11","slug":"about-us","status":"publish","type":"page","link":"https:\/\/atlaslale.us\/en\/about-us\/","title":{"rendered":"About Us"},"content":{"rendered":"\t\t<div data-elementor-type=\"wp-page\" data-elementor-id=\"7994\" class=\"elementor elementor-7994 elementor-779\" wpc-filter-elementor-widget=\"1\">\n\t\t\t\t        <section class=\"elementor-section elementor-top-section elementor-element elementor-element-85870f5 elementor-section-stretched elementor-section-boxed elementor-section-height-default elementor-section-height-default ct-header-fixed-none ct-column-none ct-row-scroll-none\" data-id=\"85870f5\" data-element_type=\"section\" data-e-type=\"section\" data-settings=\"{&quot;stretch_section&quot;:&quot;section-stretched&quot;}\">\n            \n                        <div class=\"elementor-container elementor-column-gap-extended \">\n                    <div class=\"elementor-column elementor-col-50 elementor-top-column elementor-element elementor-element-e9fe2fb ct-column-none\" data-id=\"e9fe2fb\" data-element_type=\"column\" data-e-type=\"column\">\n        <div class=\"elementor-widget-wrap elementor-element-populated\">\n                    \n        \t\t<div class=\"elementor-element elementor-element-ff8fc71 elementor-widget__width-initial elementor-widget elementor-widget-ct_heading\" data-id=\"ff8fc71\" data-element_type=\"widget\" data-e-type=\"widget\" data-widget_type=\"ct_heading.default\">\n\t\t\t\t<div class=\"elementor-widget-container\">\n\t\t\t\t\t<div class=\"ct-heading h-align- item-st-default\">\r\n            <div class=\"item--sub-title\">\r\n            <span>\r\n                                    <div class=\"ct-icon\">\r\n                        <i aria-hidden=\"true\" class=\"flaticon flaticon-plant\"><\/i>                    <\/div>\r\n                                About Us            <\/span>\r\n        <\/div>\r\n        <h3 class=\"item--title case-animate-time st-default \" data-wow-delay=\"ms\">\r\n        <span class=\"slide-in-container\"><span class=\"d-inline-block wow case-fade-in-up\">We<\/span><\/span> <span class=\"slide-in-container\"><span class=\"d-inline-block wow case-fade-in-up\">Are<\/span><\/span> <span class=\"slide-in-container\"><span class=\"d-inline-block wow case-fade-in-up\">Turkey's<\/span><\/span> <span class=\"slide-in-container\"><span class=\"d-inline-block wow case-fade-in-up\">Largest<\/span><\/span> <span class=\"slide-in-container\"><span class=\"d-inline-block wow case-fade-in-up\">Tulip<\/span><\/span> <span class=\"slide-in-container\"><span class=\"d-inline-block wow case-fade-in-up\">Producer!<\/span><\/span>    <\/h3>\r\n<\/div>\r\n\r\n\t\t\t\t<\/div>\n\t\t\t\t<\/div>\n\t\t            <\/div>\n        <\/div>\n                <div class=\"elementor-column elementor-col-50 elementor-top-column elementor-element elementor-element-4181fe1 ct-column-none\" data-id=\"4181fe1\" data-element_type=\"column\" data-e-type=\"column\">\n        <div class=\"elementor-widget-wrap\">\n                    \n                    <\/div>\n        <\/div>\n                    <\/div>\n        <\/section>\n                <section class=\"elementor-section elementor-top-section elementor-element elementor-element-26362c2 elementor-section-stretched elementor-section-boxed elementor-section-height-default elementor-section-height-default ct-header-fixed-none ct-column-none ct-row-scroll-none\" data-id=\"26362c2\" data-element_type=\"section\" data-e-type=\"section\" data-settings=\"{&quot;stretch_section&quot;:&quot;section-stretched&quot;}\">\n            \n                        <div class=\"elementor-container elementor-column-gap-extended \">\n                    <div class=\"elementor-column elementor-col-50 elementor-top-column elementor-element elementor-element-97189fc ct-column-none\" data-id=\"97189fc\" data-element_type=\"column\" data-e-type=\"column\">\n        <div class=\"elementor-widget-wrap elementor-element-populated\">\n                    \n        \t\t<div class=\"elementor-element elementor-element-e3d53d6 elementor-invisible elementor-widget elementor-widget-ct_text_editor\" data-id=\"e3d53d6\" data-element_type=\"widget\" data-e-type=\"widget\" data-settings=\"{&quot;_animation&quot;:&quot;fadeIn&quot;,&quot;_animation_delay&quot;:100}\" data-widget_type=\"ct_text_editor.default\">\n\t\t\t\t<div class=\"elementor-widget-container\">\n\t\t\t\t\t<div id=\"ct_text_editor-e3d53d6\" class=\"ct-text-editor \" data-wow-delay=\"ms\">\n\t<div class=\"ct-inline-css\"  data-css=\"\n        \t\t\">\n\n    <\/div>\n\t<div class=\"ct-text-editor elementor-clearfix\">\n\t\t<p style=\"text-align: justify\">Our founder, LATIF ATE\u015e, traveled to Enkhuizen, Netherlands with his spouse in 1987. There, he began working at DE WIT, a tulip bulb production and export company in Bovenkarspel. He worked at DE WIT for a total of 5 years from 1987 to 1992. With the support of his boss at the time, LATIF ATE\u015e brought the first tulip bulbs to Turkey since the Ottoman Empire.<\/p><p style=\"text-align: justify\">From 1992 to 2016, tulip bulb import and export activities were carried out under the leadership of LATIF ATE\u015e in collaboration with other companies. In May 2016, LATIF ATE\u015e restarted tulip production on a 50-acre area in his hometown of K\u0131z\u0131lkuyu. The company&#8217;s headquarters are in KONYA and the production center is in KARAMAN, which was highly advantageous for their partnerships with other companies. Today, ATLAS LALE has a production capacity of 100 million perennial bulbs per year and holds 95% of Turkey&#8217;s wholesale and retail sales segment.<\/p>\t\t\n\t<\/div>\n<\/div>\t\t\t\t<\/div>\n\t\t\t\t<\/div>\n\t\t            <\/div>\n        <\/div>\n                <div class=\"elementor-column elementor-col-50 elementor-top-column elementor-element elementor-element-4e40d0d ct-column-none\" data-id=\"4e40d0d\" data-element_type=\"column\" data-e-type=\"column\">\n        <div class=\"elementor-widget-wrap elementor-element-populated\">\n                    \n        \t\t<div class=\"elementor-element elementor-element-d3434ef elementor-invisible elementor-widget elementor-widget-ct_text_editor\" data-id=\"d3434ef\" data-element_type=\"widget\" data-e-type=\"widget\" data-settings=\"{&quot;_animation&quot;:&quot;fadeIn&quot;,&quot;_animation_delay&quot;:100}\" data-widget_type=\"ct_text_editor.default\">\n\t\t\t\t<div class=\"elementor-widget-container\">\n\t\t\t\t\t<div id=\"ct_text_editor-d3434ef\" class=\"ct-text-editor \" data-wow-delay=\"ms\">\n\t<div class=\"ct-inline-css\"  data-css=\"\n        \t\t\">\n\n    <\/div>\n\t<div class=\"ct-text-editor elementor-clearfix\">\n\t\t<p style=\"text-align: justify\">LATIF ATE\u015e also farms on 5,000 acres, producing Sweet Corn, Grain Corn, Barley, Wheat, Dry Beans, Decorative Pumpkin, Ornamental Gourd, and Oil Sunflower on these lands.<\/p><p style=\"text-align: justify\">ATLAS LALE employs 43 people year-round and seasonally. Additionally, ATLAS LALE exports tulip bulbs to the USA, Germany, the Netherlands, Azerbaijan, and Russia.<\/p><p style=\"text-align: justify\">Best regards,<br \/>Turkey&#8217;s largest tulip producer.<br \/><strong>ATLAS LALE<\/strong><\/p>\t\t\n\t<\/div>\n<\/div>\t\t\t\t<\/div>\n\t\t\t\t<\/div>\n\t\t            <\/div>\n        <\/div>\n                    <\/div>\n        <\/section>\n                <section class=\"elementor-section elementor-top-section elementor-element elementor-element-346eff7 elementor-section-stretched elementor-section-boxed elementor-section-height-default elementor-section-height-default ct-header-fixed-none ct-column-none ct-row-scroll-none\" data-id=\"346eff7\" data-element_type=\"section\" data-e-type=\"section\" data-settings=\"{&quot;stretch_section&quot;:&quot;section-stretched&quot;}\">\n            \n                        <div class=\"elementor-container elementor-column-gap-extended \">\n                    <div class=\"elementor-column elementor-col-33 elementor-top-column elementor-element elementor-element-5dd6e67 ct-column-none\" data-id=\"5dd6e67\" data-element_type=\"column\" data-e-type=\"column\">\n        <div class=\"elementor-widget-wrap elementor-element-populated\">\n                    \n        \t\t<div class=\"elementor-element elementor-element-71c6968 elementor-invisible elementor-widget elementor-widget-ct_image\" data-id=\"71c6968\" data-element_type=\"widget\" data-e-type=\"widget\" data-settings=\"{&quot;_animation&quot;:&quot;fadeIn&quot;,&quot;_animation_delay&quot;:200}\" data-widget_type=\"ct_image.default\">\n\t\t\t\t<div class=\"elementor-widget-container\">\n\t\t\t\t\t<div class=\"ct-image-single   \" data-width=\"\" data-height=\"\">\r\n                        <img fetchpriority=\"high\" decoding=\"async\" class=\"\" src=\"https:\/\/atlaslale.us\/wp-content\/uploads\/2024\/08\/tulip-bulb-1.webp\" width=\"670\" height=\"615\" alt=\"tulip-bulb\" title=\"tulip-bulb\" \/>            <\/div>\t\t\t\t<\/div>\n\t\t\t\t<\/div>\n\t\t            <\/div>\n        <\/div>\n                <div class=\"elementor-column elementor-col-33 elementor-top-column elementor-element elementor-element-d1448ef ct-column-none\" data-id=\"d1448ef\" data-element_type=\"column\" data-e-type=\"column\">\n        <div class=\"elementor-widget-wrap elementor-element-populated\">\n                    \n        \t\t<div class=\"elementor-element elementor-element-d30f3eb elementor-invisible elementor-widget elementor-widget-ct_image\" data-id=\"d30f3eb\" data-element_type=\"widget\" data-e-type=\"widget\" data-settings=\"{&quot;_animation&quot;:&quot;fadeIn&quot;,&quot;_animation_delay&quot;:300}\" data-widget_type=\"ct_image.default\">\n\t\t\t\t<div class=\"elementor-widget-container\">\n\t\t\t\t\t<div class=\"ct-image-single   \" data-width=\"\" data-height=\"\">\r\n                        <img decoding=\"async\" class=\"\" src=\"https:\/\/atlaslale.us\/wp-content\/uploads\/2024\/08\/tulip-bulb-turkey.webp\" width=\"670\" height=\"615\" alt=\"tulip-bulb-turkey\" title=\"tulip-bulb-turkey\" \/>            <\/div>\t\t\t\t<\/div>\n\t\t\t\t<\/div>\n\t\t            <\/div>\n        <\/div>\n                <div class=\"elementor-column elementor-col-33 elementor-top-column elementor-element elementor-element-c58f9a9 ct-column-none\" data-id=\"c58f9a9\" data-element_type=\"column\" data-e-type=\"column\">\n        <div class=\"elementor-widget-wrap elementor-element-populated\">\n                    \n        \t\t<div class=\"elementor-element elementor-element-7222e02 elementor-invisible elementor-widget elementor-widget-ct_image\" data-id=\"7222e02\" data-element_type=\"widget\" data-e-type=\"widget\" data-settings=\"{&quot;_animation&quot;:&quot;fadeIn&quot;,&quot;_animation_delay&quot;:400}\" data-widget_type=\"ct_image.default\">\n\t\t\t\t<div class=\"elementor-widget-container\">\n\t\t\t\t\t<div class=\"ct-image-single   \" data-width=\"\" data-height=\"\">\r\n                        <img decoding=\"async\" class=\"\" src=\"https:\/\/atlaslale.us\/wp-content\/uploads\/2024\/08\/holland-tulip-bulbs.webp\" width=\"670\" height=\"615\" alt=\"holland-tulip-bulbs\" title=\"holland-tulip-bulbs\" \/>            <\/div>\t\t\t\t<\/div>\n\t\t\t\t<\/div>\n\t\t            <\/div>\n        <\/div>\n                    <\/div>\n        <\/section>\n                <section class=\"elementor-section elementor-top-section elementor-element elementor-element-4a7af8c elementor-section-stretched elementor-section-boxed elementor-section-height-default elementor-section-height-default ct-header-fixed-none ct-column-none ct-row-scroll-none\" data-id=\"4a7af8c\" data-element_type=\"section\" data-e-type=\"section\" data-settings=\"{&quot;stretch_section&quot;:&quot;section-stretched&quot;}\">\n            \n                        <div class=\"elementor-container elementor-column-gap-extended \">\n                    <div class=\"elementor-column elementor-col-100 elementor-top-column elementor-element elementor-element-41c4ae1 ct-column-none\" data-id=\"41c4ae1\" data-element_type=\"column\" data-e-type=\"column\">\n        <div class=\"elementor-widget-wrap\">\n                    \n                    <\/div>\n        <\/div>\n                    <\/div>\n        <\/section>\n                <section class=\"elementor-section elementor-top-section elementor-element elementor-element-cd79113 elementor-section-stretched elementor-section-boxed elementor-section-height-default elementor-section-height-default ct-header-fixed-none ct-column-none ct-row-scroll-none\" data-id=\"cd79113\" data-element_type=\"section\" data-e-type=\"section\" data-settings=\"{&quot;stretch_section&quot;:&quot;section-stretched&quot;,&quot;background_background&quot;:&quot;classic&quot;}\">\n            \n                        <div class=\"elementor-container elementor-column-gap-extended \">\n                    <div class=\"elementor-column elementor-col-50 elementor-top-column elementor-element elementor-element-9d70da4 ct-column-none\" data-id=\"9d70da4\" data-element_type=\"column\" data-e-type=\"column\">\n        <div class=\"elementor-widget-wrap elementor-element-populated\">\n                    \n        \t\t<div class=\"elementor-element elementor-element-71ebb19 elementor-widget__width-initial elementor-widget elementor-widget-ct_heading\" data-id=\"71ebb19\" data-element_type=\"widget\" data-e-type=\"widget\" data-widget_type=\"ct_heading.default\">\n\t\t\t\t<div class=\"elementor-widget-container\">\n\t\t\t\t\t<div class=\"ct-heading h-align- item-st-default\">\r\n            <div class=\"item--sub-title\">\r\n            <span>\r\n                                    <div class=\"ct-icon\">\r\n                        <i aria-hidden=\"true\" class=\"flaticon flaticon-plant\"><\/i>                    <\/div>\r\n                                We Are Experts in This Field            <\/span>\r\n        <\/div>\r\n        <h3 class=\"item--title case-animate-time st-default \" data-wow-delay=\"ms\">\r\n        <span class=\"slide-in-container\"><span class=\"d-inline-block wow case-fade-in-up\">We<\/span><\/span> <span class=\"slide-in-container\"><span class=\"d-inline-block wow case-fade-in-up\">Are<\/span><\/span> <span class=\"slide-in-container\"><span class=\"d-inline-block wow case-fade-in-up\">Turkey's<\/span><\/span> <span class=\"slide-in-container\"><span class=\"d-inline-block wow case-fade-in-up\">Largest<\/span><\/span> <span class=\"slide-in-container\"><span class=\"d-inline-block wow case-fade-in-up\">Tulip<\/span><\/span> <span class=\"slide-in-container\"><span class=\"d-inline-block wow case-fade-in-up\">Producer<\/span><\/span>    <\/h3>\r\n<\/div>\r\n\r\n\t\t\t\t<\/div>\n\t\t\t\t<\/div>\n\t\t\t\t<div class=\"elementor-element elementor-element-fcc1d5f elementor-widget elementor-widget-ct_text_editor\" data-id=\"fcc1d5f\" data-element_type=\"widget\" data-e-type=\"widget\" data-widget_type=\"ct_text_editor.default\">\n\t\t\t\t<div class=\"elementor-widget-container\">\n\t\t\t\t\t<div id=\"ct_text_editor-fcc1d5f\" class=\"ct-text-editor \" data-wow-delay=\"ms\">\n\t<div class=\"ct-inline-css\"  data-css=\"\n        \t\t\">\n\n    <\/div>\n\t<div class=\"ct-text-editor elementor-clearfix\">\n\t\t<p>With an annual production of 100 million bulbous plants, we hold 95% of the market share in Turkey!<\/p>\t\t\n\t<\/div>\n<\/div>\t\t\t\t<\/div>\n\t\t\t\t<\/div>\n\t\t\t\t<div class=\"elementor-element elementor-element-b55d664 elementor-widget elementor-widget-ct_button\" data-id=\"b55d664\" data-element_type=\"widget\" data-e-type=\"widget\" data-widget_type=\"ct_button.default\">\n\t\t\t\t<div class=\"elementor-widget-container\">\n\t\t\t\t\t<div id=\"ct_button-b55d664\" class=\"ct-button-wrapper ct-button-layout1\">\r\n            <span class=\"ct-icon-active\"><\/span>\r\n        <a href=\"\/contact\" class=\"btn btn-default btn-animate  icon-ps-left \" data-wow-delay=\"ms\">\r\n                            <span class=\"ct-button-icon ct-align-icon-left\">\r\n                            <\/span>\r\n                <span data-text=\"Contact Us\" class=\"ct-button-text\">Contact Us<\/span>\r\n    <\/a>\r\n<\/div>\t\t\t\t<\/div>\n\t\t\t\t<\/div>\n\t\t            <\/div>\n        <\/div>\n                <div class=\"elementor-column elementor-col-50 elementor-top-column elementor-element elementor-element-b762f57 ct-column-none\" data-id=\"b762f57\" data-element_type=\"column\" data-e-type=\"column\">\n        <div class=\"elementor-widget-wrap elementor-element-populated\">\n                    \n        \t\t<div class=\"elementor-element elementor-element-cca19cc elementor-widget elementor-widget-ct_image\" data-id=\"cca19cc\" data-element_type=\"widget\" data-e-type=\"widget\" data-widget_type=\"ct_image.default\">\n\t\t\t\t<div class=\"elementor-widget-container\">\n\t\t\t\t\t<div class=\"ct-image-single   wow skewIn\" data-width=\"\" data-height=\"\">\r\n                        <img loading=\"lazy\" decoding=\"async\" class=\"\" src=\"https:\/\/atlaslale.us\/wp-content\/uploads\/2024\/08\/tulip-producer-turkey-1.webp\" width=\"800\" height=\"650\" alt=\"tulip-producer-turkey\" title=\"tulip-producer-turkey\" \/>            <\/div>\t\t\t\t<\/div>\n\t\t\t\t<\/div>\n\t\t            <\/div>\n        <\/div>\n                    <\/div>\n        <\/section>\n        \t\t<\/div>\n\t\t","protected":false},"excerpt":{"rendered":"<p>About Us We Are Turkey&#8217;s Largest Tulip Producer! Our founder, LATIF ATE\u015e, traveled to Enkhuizen, Netherlands with his spouse in 1987. There, he began working at DE WIT, a tulip bulb production and export company in Bovenkarspel. He worked at DE WIT for a total of 5 years from 1987 to 1992. With the support [&hellip;]<\/p>\n","protected":false},"author":1,"featured_media":0,"parent":0,"menu_order":0,"comment_status":"closed","ping_status":"closed","template":"","meta":{"_acf_changed":false,"om_disable_all_campaigns":false,"footnotes":""},"class_list":["post-7994","page","type-page","status-publish","hentry"],"acf":[],"_links":{"self":[{"href":"https:\/\/atlaslale.us\/en\/wp-json\/wp\/v2\/pages\/7994","targetHints":{"allow":["GET"]}}],"collection":[{"href":"https:\/\/atlaslale.us\/en\/wp-json\/wp\/v2\/pages"}],"about":[{"href":"https:\/\/atlaslale.us\/en\/wp-json\/wp\/v2\/types\/page"}],"author":[{"embeddable":true,"href":"https:\/\/atlaslale.us\/en\/wp-json\/wp\/v2\/users\/1"}],"replies":[{"embeddable":true,"href":"https:\/\/atlaslale.us\/en\/wp-json\/wp\/v2\/comments?post=7994"}],"version-history":[{"count":5,"href":"https:\/\/atlaslale.us\/en\/wp-json\/wp\/v2\/pages\/7994\/revisions"}],"predecessor-version":[{"id":8000,"href":"https:\/\/atlaslale.us\/en\/wp-json\/wp\/v2\/pages\/7994\/revisions\/8000"}],"wp:attachment":[{"href":"https:\/\/atlaslale.us\/en\/wp-json\/wp\/v2\/media?parent=7994"}],"curies":[{"name":"wp","href":"https:\/\/api.w.org\/{rel}","templated":true}]}}